{"id":10041,"date":"2024-09-17T10:56:31","date_gmt":"2024-09-17T10:56:31","guid":{"rendered":"https:\/\/hotelbernatcalella.com\/avis-juridique\/"},"modified":"2025-11-19T15:47:10","modified_gmt":"2025-11-19T15:47:10","slug":"avis-juridique","status":"publish","type":"page","link":"https:\/\/www.hotelbernatcalella.com\/fr\/avis-juridique\/","title":{"rendered":"Avis Juridique"},"content":{"rendered":"\t\t<div data-elementor-type=\"wp-page\" data-elementor-id=\"10041\" class=\"elementor elementor-10041 elementor-4744\" data-elementor-post-type=\"page\">\n\t\t\t\t<div class=\"elementor-element elementor-element-3c67ddc e-flex e-con-boxed e-con e-parent\" data-id=\"3c67ddc\" data-element_type=\"container\" data-e-type=\"container\">\n\t\t\t\t\t<div class=\"e-con-inner\">\n\t\t\t\t<div class=\"elementor-element elementor-element-22fb89c8 elementor-widget elementor-widget-text-editor\" data-id=\"22fb89c8\" data-element_type=\"widget\" data-e-type=\"widget\" data-widget_type=\"text-editor.default\">\n\t\t\t\t\t\t\t\t\t\n<h1><strong>Avis Juridique<\/strong><\/h1>\n<p>Conform\u00e9ment \u00e0 la loi 34\/2002, du 11 juillet, sur les services de la soci\u00e9t\u00e9 de l&rsquo;information et le commerce \u00e9lectronique, l&rsquo;Utilisateur est inform\u00e9 que le titulaire du site web <a href=\"https:\/\/www.hotelbernatcalella.com\/fr\/\">www.hotelbernatcalella.com<\/a> de la soci\u00e9t\u00e9 VALOM, S.L. et ses donn\u00e9es d&rsquo;identification sont les suivantes:<\/p>\n\n<ul class=\"wp-block-list\">\n<li>Responsable : VALOM, S.L.<\/li>\n\n<li>NIF : B08815904<\/li>\n\n<li>Adresse sociale : AVINGUDA DEL TURISME, 42-44<\/li>\n\n<li>Code postal : 08370<\/li>\n\n<li>Ville : CALELLA<\/li>\n\n<li>Province : BARCELONE<\/li>\n\n<li>Email : <a href=\"mailto:rgpd@hotelbernat.com\">rgpd@hotelbernat.com <\/a><\/li>\n\n<li>Donn\u00e9es du registre : la soci\u00e9t\u00e9 est inscrite au registre du commerce de BARCELONE dans le volume 5391, folio 56 et feuille num\u00e9ro B-55450<strong>.<\/strong><\/li>\n<\/ul>\n\n<p><strong>Acc\u00e9der au site web <\/strong><\/p>\n\n<p>L&rsquo;avis juridique r\u00e9git l&rsquo;acc\u00e8s et l&rsquo;utilisation du site web par les utilisateurs et a pour objectif de faire conna\u00eetre les services de l&rsquo;entit\u00e9 et de permettre l&rsquo;acc\u00e8s g\u00e9n\u00e9ral \u00e0 tous les utilisateurs d&rsquo;Internet.<\/p>\n\n<p>L&rsquo;acc\u00e8s et\/ou l&rsquo;utilisation du site web attribue \u00e0 celui qui l&rsquo;effectue la qualit\u00e9 d&rsquo;Utilisateur et l&rsquo;acceptation, sans r\u00e9serve d&rsquo;aucune sorte, de toutes et chacune des pr\u00e9sentes conditions g\u00e9n\u00e9rales, ainsi que des autres conditions particuli\u00e8res qui, le cas \u00e9ch\u00e9ant, r\u00e9giront l&rsquo;utilisation du portail ou des services li\u00e9s \u00e0 celui-ci.<\/p>\n\n<p>L&rsquo;utilisateur doit lire attentivement l&rsquo;avis juridique ainsi que les politiques de confidentialit\u00e9 et de cookies lorsqu&rsquo;il envisage d&rsquo;utiliser le site web, car VALOM, S.L. se r\u00e9serve le droit d&rsquo;effectuer, \u00e0 tout moment et sans pr\u00e9avis, toute modification ou mise \u00e0 jour des contenus et services, des pr\u00e9sentes dispositions d&rsquo;acc\u00e8s et d&rsquo;utilisation et, en g\u00e9n\u00e9ral, de tous les \u00e9l\u00e9ments constituant la conception et la configuration de son site web. Si vous n&rsquo;acceptez pas les conditions d&rsquo;acc\u00e8s et d&rsquo;utilisation, nous vous prions de vous abstenir d&rsquo;utiliser le site web et son contenu. <\/p>\n\n<p><strong>Utilisation du site web<\/strong><\/p>\n\n<p>L&rsquo;utilisateur s&rsquo;engage \u00e0 faire un usage diligent du site web, ainsi que des informations relatives \u00e0 ses services et activit\u00e9s, dans le respect total de la r\u00e9glementation applicable, ainsi que de la morale, des bonnes m\u0153urs g\u00e9n\u00e9ralement accept\u00e9es et de l&rsquo;ordre public, des conditions d&rsquo;acc\u00e8s et d&rsquo;utilisation et de toutes autres conditions \u00e9tablies sur le site web.<\/p>\n\n<p>De plus, il s&rsquo;engage \u00e0 s&rsquo;abstenir d&rsquo;utiliser les contenus \u00e0 des fins illicites, interdites dans le pr\u00e9sent texte, nuisibles aux droits et int\u00e9r\u00eats de tiers, ou de toute mani\u00e8re susceptibles d&rsquo;endommager, d\u00e9sactiver, surcharger, d\u00e9t\u00e9riorer ou emp\u00eacher l&rsquo;utilisation normale des contenus, d&rsquo;autres utilisateurs ou de tout utilisateur d&rsquo;Internet (mat\u00e9riel et logiciel).<\/p>\n\n<p><strong>Fonctionnement du site web<\/strong><\/p>\n\n<p>En cas de non-respect des conditions de l&rsquo;avis juridique, ou des politiques de confidentialit\u00e9 et de cookies, VALOM, S.L. se r\u00e9serve le droit de limiter, suspendre et\/ou exclure l&rsquo;acc\u00e8s \u00e0 son site web, en prenant toute mesure technique n\u00e9cessaire \u00e0 cet \u00e9gard. VALOM, S.L. fera de son mieux pour maintenir le bon fonctionnement du site web, \u00e9viter les erreurs, ou les r\u00e9parer, et maintenir les contenus \u00e0 jour. Cependant, VALOM, S.L. ne garantit pas la disponibilit\u00e9 et la continuit\u00e9 de l&rsquo;acc\u00e8s au site web ni l&rsquo;absence d&rsquo;erreurs dans le contenu.<\/p>\n\n<p><strong>Responsabilit\u00e9<\/strong><\/p>\n\n<p>L&rsquo;utilisateur est seul responsable de l&rsquo;utilisation de toute information ou m\u00e9canisme du site web.<\/p>\n\n<p>VALOM, S.L. ne sera pas responsable des dommages caus\u00e9s au mat\u00e9riel et\/ou logiciel de l&rsquo;utilisateur r\u00e9sultant de l&rsquo;acc\u00e8s et de l&rsquo;utilisation du site web. De m\u00eame, elle ne sera pas responsable des dommages et\/ou pr\u00e9judices pouvant \u00eatre caus\u00e9s par l&rsquo;acc\u00e8s et\/ou l&rsquo;utilisation des informations du site web, en particulier ceux pouvant survenir dans des syst\u00e8mes informatiques ou provoqu\u00e9s par des virus et\/ou des cyberattaques, des pannes, des interruptions, des absences ou des d\u00e9fauts de communication et\/ou d&rsquo;Internet. <\/p>\n\n<p>L&rsquo;utilisateur sera responsable des dommages et\/ou pr\u00e9judices que VALOM, S.L. pourrait subir en raison du non-respect de l&rsquo;une des obligations auxquelles il est soumis par le pr\u00e9sent avis juridique, la l\u00e9gislation applicable et la politique de confidentialit\u00e9 et de cookies.<\/p>\n\n<p><strong>Politique concernant les \u00ab\u00a0Liens\u00a0\u00bb (site web de renvoi et site web li\u00e9)<\/strong><\/p>\n\n<ul class=\"wp-block-list\">\n<li><strong>a) Site web de renvoi:<\/strong><\/li>\n<\/ul>\n\n<p>Les tiers souhaitant inclure un lien vers ce site web doivent respecter la l\u00e9gislation en vigueur et ne pas h\u00e9berger de contenus inappropri\u00e9s, illicites, pornographiques, violents, etc.<\/p>\n\n<p>En aucun cas VALOM, S.L. ne sera responsable du contenu du site web, ni ne le promeut, garantit, supervise ou recommande.<\/p>\n\n<p>Si le site web de renvoi enfreint l&rsquo;un des points ci-dessus, il sera tenu de supprimer imm\u00e9diatement le lien.<\/p>\n\n<ul class=\"wp-block-list\">\n<li><strong>b) Site web li\u00e9:<\/strong><\/li>\n<\/ul>\n\n<p>Ce site web peut inclure des liens vers des sites web tiers permettant \u00e0 l&rsquo;utilisateur d&rsquo;y acc\u00e9der. Cependant, VALOM, S.L. ne sera pas responsable du contenu de ces sites web li\u00e9s, l&rsquo;utilisateur \u00e9tant responsable d&rsquo;accepter et de v\u00e9rifier les acc\u00e8s chaque fois qu&rsquo;il y acc\u00e8de. <\/p>\n\n<p>Ces liens ou mentions ont une finalit\u00e9 purement informative et ne signifient pas un soutien, une approbation, une commercialisation ou une relation quelconque entre le site et les personnes ou entit\u00e9s responsables des lieux o\u00f9 ces liens m\u00e8nent.<\/p>\n\n<p><strong>Propri\u00e9t\u00e9 intellectuelle et industrielle sur les contenus<\/strong><\/p>\n\n<p>VALOM, S.L. ou ses conc\u00e9dants de licence d\u00e9tiennent tous les droits de propri\u00e9t\u00e9 intellectuelle sur les contenus du site web, comprenant tous les designs, bases de donn\u00e9es, programmes sous-jacents (y compris le code source), ainsi que les diff\u00e9rents \u00e9l\u00e9ments qui composent le site web (textes, graphiques, photographies, vid\u00e9os, couleurs, etc.), structure, ordre, etc. En ce qui concerne les marques et noms commerciaux (\u00ab\u00a0signes distinctifs\u00a0\u00bb), ils sont la propri\u00e9t\u00e9 de VALOM, S.L. ou de ses conc\u00e9dants de licence. <\/p>\n\n<p>L&rsquo;utilisation du site web par l&rsquo;utilisateur ne suppose aucune cession de droits de propri\u00e9t\u00e9 intellectuelle ou industrielle. L&rsquo;utilisateur est totalement interdit de reproduire, copier, distribuer, mettre \u00e0 disposition ou communiquer publiquement, transformer ou modifier les contenus ou les signes distinctifs, sauf si l&rsquo;autorisation du titulaire des droits correspondants est obtenue ou si cela est l\u00e9galement permis. <\/p>\n\n<p><strong>Publicit\u00e9<\/strong><\/p>\n\n<p>Le site web peut h\u00e9berger des contenus publicitaires ou sponsoris\u00e9s. Les annonceurs ou sponsors sont les seuls responsables de s&rsquo;assurer que le mat\u00e9riel envoy\u00e9 pour inclusion sur le site web respecte la l\u00e9gislation applicable. <\/p>\n\n<p>VALOM, S.L. ne sera pas responsable des erreurs, inexactitudes ou irr\u00e9gularit\u00e9s que pourraient contenir les contenus publicitaires ou des sponsors.<\/p>\n\n<p><strong>L\u00e9gislation applicable<\/strong><\/p>\n\n<p>L&rsquo;avis juridique sera r\u00e9gi et interpr\u00e9t\u00e9 conform\u00e9ment \u00e0 la l\u00e9gislation espagnole.<\/p>\n\n<p>Pour la r\u00e9solution de tout conflit pouvant d\u00e9couler de l&rsquo;acc\u00e8s au site web, les tribunaux comp\u00e9tents seront ceux d\u00e9sign\u00e9s conform\u00e9ment \u00e0 la r\u00e9glementation des consommateurs et utilisateurs.<\/p>\n\n<p><strong>Contact<\/strong><\/p>\n\n<p>Pour toute question ou commentaire concernant le pr\u00e9sent avis juridique, vous pouvez nous contacter par e-mail \u00e0 <a href=\"mailto:rgpd@hotelbernat.com\">rgpd@hotelbernat.com <\/a><\/p>\n\t\t\t\t\t\t\t\t<\/div>\n\t\t\t\t\t<\/div>\n\t\t\t\t<\/div>\n\t\t\t\t<\/div>\n\t\t","protected":false},"excerpt":{"rendered":"<p>Avis Juridique Conform\u00e9ment \u00e0 la loi 34\/2002, du 11 juillet, sur les services de la soci\u00e9t\u00e9 de l&rsquo;information et le commerce \u00e9lectronique, l&rsquo;Utilisateur est inform\u00e9 que le titulaire du site web www.hotelbernatcalella.com de la soci\u00e9t\u00e9 VALOM, S.L. et ses donn\u00e9es d&rsquo;identification sont les suivantes: Responsable : VALOM, S.L. NIF : B08815904 Adresse sociale : AVINGUDA &#8230;<\/p>\n","protected":false},"author":1,"featured_media":15423,"parent":0,"menu_order":0,"comment_status":"closed","ping_status":"closed","template":"elementor_theme","meta":{"cozystay_single_page_hide_site_header":"","cozystay_single_page_site_header_source":"","cozystay_single_page_custom_site_header":"0","cozystay_single_page_custom_sticky_site_header":"0","cozystay_single_page_hide_page_title":"","cozystay_single_page_header_section_size":"","cozystay_single_page_header_background_color":"","cozystay_single_page_header_background_position_x":"center","cozystay_single_page_header_background_position_y":"center","cozystay_single_page_header_background_size":"cover","cozystay_single_page_header_background_repeat":"off","cozystay_single_page_header_background_scroll":"on","cozystay_single_page_header_text_color":"","cozystay_single_page_header_show_breadcrumb":"","cozystay_single_page_site_footer_hide_main":"","cozystay_single_custom_site_footer_main_source":"","cozystay_single_custom_site_footer_main":"0","cozystay_single_page_site_footer_hide_above":"","cozystay_single_custom_site_footer_above_source":"","cozystay_single_custom_site_footer_above":"0","cozystay_single_page_site_footer_hide_instagram":"","cozystay_single_page_site_footer_hide_bottom":"","cozystay_single_custom_mobile_menu_source":"","cozystay_single_custom_mobile_menu":"0","cozystay_single_custom_mobile_menu_animation":"","cozystay_single_custom_mobile_menu_width":"","cozystay_single_custom_mobile_menu_custom_width":375,"footnotes":""},"class_list":["post-10041","page","type-page","status-publish","has-post-thumbnail","hentry"],"yoast_head":"<!-- This site is optimized with the Yoast SEO plugin v27.1.1 - https:\/\/yoast.com\/product\/yoast-seo-wordpress\/ -->\n<title>Avis Juridique | Hotel Bernat II<\/title>\n<meta name=\"robots\" content=\"index, follow, max-snippet:-1, max-image-preview:large, max-video-preview:-1\" \/>\n<link rel=\"canonical\" href=\"https:\/\/www.hotelbernatcalella.com\/fr\/avis-juridique\/\" \/>\n<meta property=\"og:locale\" content=\"fr_FR\" \/>\n<meta property=\"og:type\" content=\"article\" \/>\n<meta property=\"og:title\" content=\"Avis Juridique | Hotel Bernat II\" \/>\n<meta property=\"og:description\" content=\"Avis Juridique Conform\u00e9ment \u00e0 la loi 34\/2002, du 11 juillet, sur les services de la soci\u00e9t\u00e9 de l&rsquo;information et le commerce \u00e9lectronique, l&rsquo;Utilisateur est inform\u00e9 que le titulaire du site web www.hotelbernatcalella.com de la soci\u00e9t\u00e9 VALOM, S.L. et ses donn\u00e9es d&rsquo;identification sont les suivantes: Responsable : VALOM, S.L. NIF : B08815904 Adresse sociale : AVINGUDA ...\" \/>\n<meta property=\"og:url\" content=\"https:\/\/www.hotelbernatcalella.com\/fr\/avis-juridique\/\" \/>\n<meta property=\"og:site_name\" content=\"Hotel Bernat II\" \/>\n<meta property=\"article:modified_time\" content=\"2025-11-19T15:47:10+00:00\" \/>\n<meta property=\"og:image\" content=\"https:\/\/www.hotelbernatcalella.com\/wp-content\/uploads\/2025\/06\/recpecion-hotel-bernat-calella.webp\" \/>\n\t<meta property=\"og:image:width\" content=\"1024\" \/>\n\t<meta property=\"og:image:height\" content=\"768\" \/>\n\t<meta property=\"og:image:type\" content=\"image\/webp\" \/>\n<meta name=\"twitter:card\" content=\"summary_large_image\" \/>\n<meta name=\"twitter:label1\" content=\"Dur\u00e9e de lecture estim\u00e9e\" \/>\n\t<meta name=\"twitter:data1\" content=\"6 minutes\" \/>\n<script type=\"application\/ld+json\" class=\"yoast-schema-graph\">{\"@context\":\"https:\/\/schema.org\",\"@graph\":[{\"@type\":\"WebPage\",\"@id\":\"https:\/\/www.hotelbernatcalella.com\/fr\/avis-juridique\/\",\"url\":\"https:\/\/www.hotelbernatcalella.com\/fr\/avis-juridique\/\",\"name\":\"Avis Juridique | Hotel Bernat II\",\"isPartOf\":{\"@id\":\"https:\/\/www.hotelbernatcalella.com\/fr\/#website\"},\"primaryImageOfPage\":{\"@id\":\"https:\/\/www.hotelbernatcalella.com\/fr\/avis-juridique\/#primaryimage\"},\"image\":{\"@id\":\"https:\/\/www.hotelbernatcalella.com\/fr\/avis-juridique\/#primaryimage\"},\"thumbnailUrl\":\"https:\/\/www.hotelbernatcalella.com\/wp-content\/uploads\/2025\/06\/recpecion-hotel-bernat-calella.webp\",\"datePublished\":\"2024-09-17T10:56:31+00:00\",\"dateModified\":\"2025-11-19T15:47:10+00:00\",\"breadcrumb\":{\"@id\":\"https:\/\/www.hotelbernatcalella.com\/fr\/avis-juridique\/#breadcrumb\"},\"inLanguage\":\"fr-FR\",\"potentialAction\":[{\"@type\":\"ReadAction\",\"target\":[\"https:\/\/www.hotelbernatcalella.com\/fr\/avis-juridique\/\"]}]},{\"@type\":\"ImageObject\",\"inLanguage\":\"fr-FR\",\"@id\":\"https:\/\/www.hotelbernatcalella.com\/fr\/avis-juridique\/#primaryimage\",\"url\":\"https:\/\/www.hotelbernatcalella.com\/wp-content\/uploads\/2025\/06\/recpecion-hotel-bernat-calella.webp\",\"contentUrl\":\"https:\/\/www.hotelbernatcalella.com\/wp-content\/uploads\/2025\/06\/recpecion-hotel-bernat-calella.webp\",\"width\":1024,\"height\":768,\"caption\":\"recepcion hotel bernat calella\"},{\"@type\":\"BreadcrumbList\",\"@id\":\"https:\/\/www.hotelbernatcalella.com\/fr\/avis-juridique\/#breadcrumb\",\"itemListElement\":[{\"@type\":\"ListItem\",\"position\":1,\"name\":\"Portada\",\"item\":\"https:\/\/www.hotelbernatcalella.com\/fr\/\"},{\"@type\":\"ListItem\",\"position\":2,\"name\":\"Avis Juridique\"}]},{\"@type\":\"WebSite\",\"@id\":\"https:\/\/www.hotelbernatcalella.com\/fr\/#website\",\"url\":\"https:\/\/www.hotelbernatcalella.com\/fr\/\",\"name\":\"Hotel Bernat II & Spa Calella\",\"description\":\"H\u00f4tel \u00e0 Calella\",\"alternateName\":\"Hotel Bernat II & Spa\",\"potentialAction\":[{\"@type\":\"SearchAction\",\"target\":{\"@type\":\"EntryPoint\",\"urlTemplate\":\"https:\/\/www.hotelbernatcalella.com\/fr\/?s={search_term_string}\"},\"query-input\":{\"@type\":\"PropertyValueSpecification\",\"valueRequired\":true,\"valueName\":\"search_term_string\"}}],\"inLanguage\":\"fr-FR\"}]}<\/script>\n<!-- \/ Yoast SEO plugin. -->","yoast_head_json":{"title":"Avis Juridique | Hotel Bernat II","robots":{"index":"index","follow":"follow","max-snippet":"max-snippet:-1","max-image-preview":"max-image-preview:large","max-video-preview":"max-video-preview:-1"},"canonical":"https:\/\/www.hotelbernatcalella.com\/fr\/avis-juridique\/","og_locale":"fr_FR","og_type":"article","og_title":"Avis Juridique | Hotel Bernat II","og_description":"Avis Juridique Conform\u00e9ment \u00e0 la loi 34\/2002, du 11 juillet, sur les services de la soci\u00e9t\u00e9 de l&rsquo;information et le commerce \u00e9lectronique, l&rsquo;Utilisateur est inform\u00e9 que le titulaire du site web www.hotelbernatcalella.com de la soci\u00e9t\u00e9 VALOM, S.L. et ses donn\u00e9es d&rsquo;identification sont les suivantes: Responsable : VALOM, S.L. NIF : B08815904 Adresse sociale : AVINGUDA ...","og_url":"https:\/\/www.hotelbernatcalella.com\/fr\/avis-juridique\/","og_site_name":"Hotel Bernat II","article_modified_time":"2025-11-19T15:47:10+00:00","og_image":[{"width":1024,"height":768,"url":"https:\/\/www.hotelbernatcalella.com\/wp-content\/uploads\/2025\/06\/recpecion-hotel-bernat-calella.webp","type":"image\/webp"}],"twitter_card":"summary_large_image","twitter_misc":{"Dur\u00e9e de lecture estim\u00e9e":"6 minutes"},"schema":{"@context":"https:\/\/schema.org","@graph":[{"@type":"WebPage","@id":"https:\/\/www.hotelbernatcalella.com\/fr\/avis-juridique\/","url":"https:\/\/www.hotelbernatcalella.com\/fr\/avis-juridique\/","name":"Avis Juridique | Hotel Bernat II","isPartOf":{"@id":"https:\/\/www.hotelbernatcalella.com\/fr\/#website"},"primaryImageOfPage":{"@id":"https:\/\/www.hotelbernatcalella.com\/fr\/avis-juridique\/#primaryimage"},"image":{"@id":"https:\/\/www.hotelbernatcalella.com\/fr\/avis-juridique\/#primaryimage"},"thumbnailUrl":"https:\/\/www.hotelbernatcalella.com\/wp-content\/uploads\/2025\/06\/recpecion-hotel-bernat-calella.webp","datePublished":"2024-09-17T10:56:31+00:00","dateModified":"2025-11-19T15:47:10+00:00","breadcrumb":{"@id":"https:\/\/www.hotelbernatcalella.com\/fr\/avis-juridique\/#breadcrumb"},"inLanguage":"fr-FR","potentialAction":[{"@type":"ReadAction","target":["https:\/\/www.hotelbernatcalella.com\/fr\/avis-juridique\/"]}]},{"@type":"ImageObject","inLanguage":"fr-FR","@id":"https:\/\/www.hotelbernatcalella.com\/fr\/avis-juridique\/#primaryimage","url":"https:\/\/www.hotelbernatcalella.com\/wp-content\/uploads\/2025\/06\/recpecion-hotel-bernat-calella.webp","contentUrl":"https:\/\/www.hotelbernatcalella.com\/wp-content\/uploads\/2025\/06\/recpecion-hotel-bernat-calella.webp","width":1024,"height":768,"caption":"recepcion hotel bernat calella"},{"@type":"BreadcrumbList","@id":"https:\/\/www.hotelbernatcalella.com\/fr\/avis-juridique\/#breadcrumb","itemListElement":[{"@type":"ListItem","position":1,"name":"Portada","item":"https:\/\/www.hotelbernatcalella.com\/fr\/"},{"@type":"ListItem","position":2,"name":"Avis Juridique"}]},{"@type":"WebSite","@id":"https:\/\/www.hotelbernatcalella.com\/fr\/#website","url":"https:\/\/www.hotelbernatcalella.com\/fr\/","name":"Hotel Bernat II & Spa Calella","description":"H\u00f4tel \u00e0 Calella","alternateName":"Hotel Bernat II & Spa","potentialAction":[{"@type":"SearchAction","target":{"@type":"EntryPoint","urlTemplate":"https:\/\/www.hotelbernatcalella.com\/fr\/?s={search_term_string}"},"query-input":{"@type":"PropertyValueSpecification","valueRequired":true,"valueName":"search_term_string"}}],"inLanguage":"fr-FR"}]}},"_links":{"self":[{"href":"https:\/\/www.hotelbernatcalella.com\/fr\/wp-json\/wp\/v2\/pages\/10041","targetHints":{"allow":["GET"]}}],"collection":[{"href":"https:\/\/www.hotelbernatcalella.com\/fr\/wp-json\/wp\/v2\/pages"}],"about":[{"href":"https:\/\/www.hotelbernatcalella.com\/fr\/wp-json\/wp\/v2\/types\/page"}],"author":[{"embeddable":true,"href":"https:\/\/www.hotelbernatcalella.com\/fr\/wp-json\/wp\/v2\/users\/1"}],"replies":[{"embeddable":true,"href":"https:\/\/www.hotelbernatcalella.com\/fr\/wp-json\/wp\/v2\/comments?post=10041"}],"version-history":[{"count":0,"href":"https:\/\/www.hotelbernatcalella.com\/fr\/wp-json\/wp\/v2\/pages\/10041\/revisions"}],"wp:featuredmedia":[{"embeddable":true,"href":"https:\/\/www.hotelbernatcalella.com\/fr\/wp-json\/wp\/v2\/media\/15423"}],"wp:attachment":[{"href":"https:\/\/www.hotelbernatcalella.com\/fr\/wp-json\/wp\/v2\/media?parent=10041"}],"curies":[{"name":"wp","href":"https:\/\/api.w.org\/{rel}","templated":true}]}}