{"id":9939,"date":"2024-08-30T11:22:39","date_gmt":"2024-08-30T11:22:39","guid":{"rendered":"https:\/\/hotelbernatcalella.com\/cookie-richtlinie\/"},"modified":"2025-08-13T10:36:34","modified_gmt":"2025-08-13T10:36:34","slug":"cookie-richtlinie","status":"publish","type":"page","link":"https:\/\/www.hotelbernatcalella.com\/de\/cookie-richtlinie\/","title":{"rendered":"Cookie-richtlinie"},"content":{"rendered":"\t\t<div data-elementor-type=\"wp-page\" data-elementor-id=\"9939\" class=\"elementor elementor-9939\" data-elementor-post-type=\"page\">\n\t\t\t\t<div class=\"elementor-element elementor-element-45d9533 e-flex e-con-boxed e-con e-parent\" data-id=\"45d9533\" data-element_type=\"container\" data-e-type=\"container\">\n\t\t\t\t\t<div class=\"e-con-inner\">\n\t\t\t\t<div class=\"elementor-element elementor-element-41287b4 elementor-widget elementor-widget-cs_title\" data-id=\"41287b4\" data-element_type=\"widget\" data-e-type=\"widget\" data-widget_type=\"cs_title.default\">\n\t\t\t\t<div class=\"elementor-widget-container\">\n\t\t\t\t\t\n        <div class=\"cs-title-wrap text-center\">\t            <h4 class=\"cs-title\">\n\t                Cookie-richtlinie\t            <\/h4>        <\/div>\t\t\t\t<\/div>\n\t\t\t\t<\/div>\n\t\t\t\t<div class=\"elementor-element elementor-element-e87135c elementor-widget elementor-widget-text-editor\" data-id=\"e87135c\" data-element_type=\"widget\" data-e-type=\"widget\" data-widget_type=\"text-editor.default\">\n\t\t\t\t\t\t\t\t\t<ol><li style=\"text-align: left;\"><strong> Was sind Cookies und warum verwenden wir sie auf der Website?<\/strong><\/li><\/ol><p style=\"text-align: left;\">Ein Cookie ist eine Datei, die auf das Ger\u00e4t des Benutzers heruntergeladen wird, um auf eine bestimmte Website zuzugreifen, um Informationen \u00fcber die auf dem Computer durchgef\u00fchrte Navigation zu speichern und abzurufen.<\/p><p style=\"text-align: left;\">Cookies erm\u00f6glichen dieser Website unter anderem, Informationen \u00fcber die Optionen und Gewohnheiten des Benutzers zu speichern und abzurufen. Auf dieser Website sind die vorhandenen Cookies f\u00fcr den Betrieb erforderlich. <\/p><p style=\"text-align: left;\">Es ist wichtig zu beachten, dass die Verwendung von Cookies keine personenbezogenen Daten des Benutzers liefert.<\/p><ol style=\"text-align: left;\" start=\"2\"><li><strong>Welche Arten von Cookies gibt es?<\/strong><\/li><\/ol><p style=\"text-align: left;\">Je nachdem, wie lange sie aktiviert bleiben, k\u00f6nnen Cookies in Sitzungs- oder permanente Cookies unterteilt werden:<\/p><ul style=\"text-align: left;\"><li><strong>Session-Cookies<\/strong>: Die von diesen Cookies gesammelten und gespeicherten Daten werden gesammelt, w\u00e4hrend der Benutzer die Webseite durchsucht, und gel\u00f6scht, wenn der Browser geschlossen wird. Sie werden normalerweise verwendet, um Informationen zu speichern, die f\u00fcr die Bereitstellung des vom Benutzer angeforderten Dienstes bei einer einzigen Gelegenheit interessant sind. <\/li><li><strong>Permanente Cookies<\/strong>: Durch diese Cookies werden die Daten f\u00fcr einen bestimmten Zeitraum im Endger\u00e4t gespeichert, wodurch die Kontrolle der gew\u00e4hlten Pr\u00e4ferenzen erleichtert wird, ohne dass bestimmte Parameter jedes Mal wiederholt werden m\u00fcssen Benutzer besucht die Website. Website.<\/li><\/ul><p style=\"text-align: left;\">Dar\u00fcber hinaus k\u00f6nnen Cookies je nach der Stelle, die sie verwaltet, als eigene oder als Drittanbieter klassifiziert werden:<\/p><ul style=\"text-align: left;\"><li><strong>Eigene Cookies<\/strong>: Diese Cookies werden von einem Computer oder einer Domain, die vom Herausgeber selbst verwaltet wird und von der aus der vom Benutzer angeforderte Dienst bereitgestellt wird, an das Endger\u00e4t des Benutzers gesendet.<\/li><li><strong>Cookies von Drittanbietern<\/strong>: Diese Cookies werden von einem Computer oder einer Dom\u00e4ne, die nicht vom Herausgeber verwaltet wird, sondern von einer anderen Stelle, die die durch Cookies erhaltenen Daten verarbeitet, an das Endger\u00e4t des Benutzers gesendet.<\/li><\/ul><p style=\"text-align: left;\"><strong><br><\/strong>Im Hinblick auf den Zweck k\u00f6nnen Cookies sein:<\/p><ul style=\"text-align: left;\"><li style=\"list-style-type: none;\"><ul><li><strong>Technische Cookies<\/strong>: Diese Cookies erm\u00f6glichen die Steuerung des Datenverkehrs und der Datenkommunikation.<\/li><li><strong>Personalisierungs-Cookies<\/strong>: Diese Cookies erm\u00f6glichen Benutzern den Zugriff entsprechend einiger ihrer eigenen erfassten Merkmale (Browser, Sprache usw.).<\/li><li><strong>Analyse-Cookies<\/strong>: Diese Cookies erm\u00f6glichen dem f\u00fcr sie Verantwortlichen, das Verhalten der Website-Benutzer zu beobachten und zu analysieren und erm\u00f6glichen die Erstellung von Benutzerprofilen.<\/li><li><strong>Werbe-Cookies<\/strong>: Diese Cookies sammeln Daten \u00fcber die Verwaltung von Werbefl\u00e4chen.<\/li><\/ul><\/li><\/ul><ol style=\"text-align: left;\" start=\"3\"><li><strong> Welche Art von Cookies verwendet die Website?<\/strong><\/li><\/ol><table class=\" alignleft\" width=\"574\"><thead><tr><td width=\"157\"><strong>Name<\/strong><\/td><td width=\"155\"><strong>Dominio<\/strong><\/td><td width=\"174\"><strong>Zweck<\/strong><\/td><td width=\"88\"><strong>Ablauf<\/strong><\/td><\/tr><\/thead><tbody><tr><td width=\"157\">_GRECAPTCHA<\/td><td width=\"155\">.google.com<\/td><td width=\"174\">Google setzt dieses Cookie. Zus\u00e4tzlich zu bestimmten Standard-Cookies von Google setzt reCAPTCHA bei der Ausf\u00fchrung ein notwendiges Cookie (_GRECAPTCHA), um seine Risikoanalyse bereitzustellen. <\/td><td width=\"88\">5 Monate 27 Tage<\/td><\/tr><tr><td width=\"157\">PHPSESSID<\/td><td width=\"155\"> <\/td><td width=\"174\">Cookie, das von Anwendungen generiert wird, die auf der PHP-Sprache basieren. Dies ist eine Allzweckkennung, die verwendet wird, um Benutzersitzungsvariablen zu speichern <\/td><td width=\"88\">Sitzung<\/td><\/tr><tr><td width=\"157\">_ga<\/td><td width=\"155\">.hotelbernatcalella.com<\/td><td width=\"174\">Google-Cookie zur Unterscheidung von Benutzern.<\/td><td width=\"88\">2 Jahre<\/td><\/tr><tr><td width=\"157\">_ga<\/td><td width=\"155\">.alojapro.com<\/td><td width=\"174\">Google-Cookie zur Unterscheidung von Benutzern.<\/td><td width=\"88\">2 Jahre<\/td><\/tr><tr><td width=\"157\">_gat<\/td><td width=\"155\">.google.com<\/td><td width=\"174\">Google-Cookies. Es wird verwendet, um zwischen den verschiedenen Tracker-Objekten zu unterscheiden, die in der Sitzung erstellt wurden. Das Cookie wird beim Laden der Javascript-Bibliothek erstellt und es gibt keine fr\u00fchere Version des _gat-Cookies. Das Cookie wird jedes Mal aktualisiert, wenn Sie Daten an Google Analytics senden.   <\/td><td width=\"88\">10 Minuten<\/td><\/tr><tr><td width=\"157\">_gid<\/td><td width=\"155\">.hotelbernatcalella.com<\/td><td width=\"174\">Google-Cookies. Wird verwendet, um Benutzer zu unterscheiden <\/td><td width=\"88\">24 Stunden<\/td><\/tr><tr><td width=\"157\">_gid<\/td><td width=\"155\">.alojapro.com<\/td><td width=\"174\">Google-Cookies. Wird verwendet, um Benutzer zu unterscheiden <\/td><td width=\"88\">24 Stunden<\/td><\/tr><tr><td width=\"157\">snp_snppopup-welcome<\/td><td width=\"155\">.hotelbernatcalella.com<\/td><td width=\"174\">Cookie zur Verwaltung von pop-ups.<\/td><td width=\"88\">1 Jahr<\/td><\/tr><tr><td width=\"157\">qtrans_cookie_test<\/td><td width=\"155\">.esedsl.com<\/td><td width=\"174\">Technisches Cookie zur Definition der Sprache.<\/td><td width=\"88\">Permanent<\/td><\/tr><tr><td width=\"157\">NID<\/td><td width=\"155\">.google.com<\/td><td width=\"174\">Das NID-Cookie enth\u00e4lt eine eindeutige ID, die Google verwendet, um Ihre Pr\u00e4ferenzen zu speichern. Weitere Informationen finden Sie <a href=\"https:\/\/policies.google.com\/technologies\/types?hl=es\">hier <\/a> <\/td><td width=\"88\">6 Monate<\/td><\/tr><tr><td width=\"157\">CONSENT<\/td><td width=\"155\">.google.com<\/td><td width=\"174\">Implementieren bestimmte Google-Dienstprogramme und k\u00f6nnen bestimmte Einstellungen speichern<\/td><td width=\"88\">20 Jahre<\/td><\/tr><tr><td width=\"157\">1P_JAR<\/td><td width=\"155\">.google.es<\/td><td width=\"174\">Wird verwendet, um die attraktivste Werbung anzuzeigen<\/td><td width=\"88\">1 Woche<\/td><\/tr><tr><td width=\"157\">_fbp<\/td><td width=\"155\">.facebook.com<\/td><td width=\"174\">Wird von Facebook verwendet, um eine Reihe von Werbeprodukten bereitzustellen, z. B. Echtzeitgebote von Drittanbietern.<\/td><td width=\"88\">1 Tag<\/td><\/tr><tr><td width=\"157\">wp-wpml_current_language<\/td><td width=\"155\">.hotelbernatcalella.com<\/td><td width=\"174\">Dieses Cookie wird vom WPML-Plugin gesetzt. Das Cookie wird verwendet, um die aktuelle Sprache des WordPress-Adminbereichs zu speichern. Weitere Informationen hier: <a href=\"https:\/\/wpml.org\/documentation\/support\/browser-cookies-stored-wpml\/\">https:\/\/wpml.org\/documentation\/support\/browser-cookies-stored-wpml <\/a>  <\/td><td width=\"88\">1 Tag<\/td><\/tr><tr><td width=\"157\">move_gdpr_popup<\/td><td width=\"155\">.hotelbernatcalella.com<\/td><td width=\"174\"> Wird verwendet, um Cookie-Einstellungen zu speichern<\/td><td width=\"88\">Sitzung<\/td><\/tr><tr><td width=\"157\">DV<\/td><td width=\"155\">.google.com<\/td><td width=\"174\"> Es wird von Google verwendet, um Dienste bereitzustellen und anonyme Informationen \u00fcber das Surfen zu extrahieren.<\/td><td width=\"88\">1 Tag<\/td><\/tr><tr><td width=\"157\">RUL<\/td><td width=\"155\">.doubleclick.net<\/td><td width=\"174\"> Cookie, das f\u00fcr die Nutzung der Optionen und Dienste der Website erforderlich ist<\/td><td width=\"88\">1 Jahr<\/td><\/tr><tr><td width=\"157\">IDE<\/td><td width=\"155\">.doubleclick.net<\/td><td width=\"174\">Dieses Cookie wird f\u00fcr die Ausrichtung, Analyse und Optimierung von Werbekampagnen in DoubleClick \/ Google Marketing Suite verwendet<\/td><td width=\"88\">1 Jahr<\/td><\/tr><\/tbody><\/table><p style=\"text-align: left;\"><strong>Google-Cookies<\/strong><\/p><p style=\"text-align: left;\">Diese Website benutzt Google Analytics, einen Webanalysedienst von Google, Inc. mit Hauptsitz in 1600 Amphitheatre Parkway, Mountain View (Kalifornien), CA 94043, USA (\u201eGoogle\u201c).<\/p><p style=\"text-align: left;\">Google Analytics verwendet \u201eCookies\u201c, Textdateien, die auf Ihrem Computer abgelegt werden, um die Website bei der Analyse der Nutzung der Website durch Benutzer zu unterst\u00fctzen.<\/p><p style=\"text-align: left;\">Die durch den Cookie erzeugten Informationen \u00fcber Ihre Benutzung der Website (einschlie\u00dflich Ihrer IP-Adresse) werden direkt an Server von Google in den USA \u00fcbertragen und dort gespeichert.<\/p><p style=\"text-align: left;\">Google wird diese Informationen in unserem Auftrag verwenden, um Ihre Nutzung der Website zu verfolgen, Berichte \u00fcber die Website-Aktivit\u00e4t zusammenzustellen und andere Dienstleistungen im Zusammenhang mit der Website-Aktivit\u00e4t und der Internetnutzung bereitzustellen.<\/p><p style=\"text-align: left;\">Google kann diese Informationen gegebenenfalls an Dritte \u00fcbertragen, sofern dies gesetzlich vorgeschrieben oder soweit Dritte diese Informationen im Auftrag von Google verarbeiten.<\/p><p style=\"text-align: left;\">Google wird Ihre IP-Adresse nicht mit anderen Daten von Google in Verbindung bringen.<\/p><p style=\"text-align: left;\">Weitere Informationen zu Google-Cookies finden Sie unter diesem Link: <a href=\"https:\/\/www.google.es\/intl\/es\/policies\/technologies\/types\/\">https:\/\/www.google.es\/intl\/ de\/ Richtlinien\/Technologien\/Typen\/ <\/a><\/p><p style=\"text-align: left;\"><strong> <\/strong><\/p><p style=\"text-align: left;\"><strong>Soziale Netzwerk-Cookies<\/strong><\/p><p style=\"text-align: left;\">Auf einigen Seiten unserer Websites k\u00f6nnen Sie unsere Inhalte in sozialen Netzwerken wie Facebook, Twitter, Google usw. teilen. Manchmal laden wir Videos von Websites wie YouTube hoch. Diese Websites hinterlegen ihre eigenen Cookies, die wir nicht kontrollieren. Vielleicht m\u00f6chten Sie ihre Websites \u00fcberpr\u00fcfen, um mehr \u00fcber ihre Cookie-Richtlinien zu erfahren.   <\/p><p style=\"text-align: left;\"><strong> <\/strong>Weitere Informationen zu Cookies von sozialen Netzwerken:<\/p><p style=\"text-align: left;\"><a href=\"https:\/\/es-es.facebook.com\/about\/privacy\/cookies\">https:\/\/es-es.facebook.com\/about\/privacy\/cookies<\/a><\/p><p style=\"text-align: left;\"><a href=\"https:\/\/help.instagram.com\/155833707900388\">https:\/\/help.instagram.com\/155833707900388<\/a><\/p><p style=\"text-align: left;\"><strong> <\/strong><\/p><ol style=\"text-align: left;\" start=\"4\"><li><strong> Wie deaktiviere ich Cookies in Ihrem Browser?<\/strong><\/li><\/ol><p style=\"text-align: left;\">Der Benutzer kann die auf seinem Computer installierten Cookies zulassen, blockieren oder l\u00f6schen, indem er die na-Optionen konfiguriert. Browser, der auf Ihrem Computer installiert ist. Bitte lesen Sie den Hilfebereich Ihres Browsers sorgf\u00e4ltig durch, um mehr dar\u00fcber zu erfahren, wie Sie den \u201eprivaten Modus\u201c aktivieren oder bestimmte Cookies entsperren k\u00f6nnen. <\/p><ul style=\"text-align: left;\"><li>Informationen zu Cookies f\u00fcr <a href=\"https:\/\/support.microsoft.com\/es-es\/help\/17442\/windows-internet-explorer-delete-manage-cookies\">Internet Explorer<\/a>.<\/li><li>Informationen zu Cookies f\u00fcr <a href=\"https:\/\/support.mozilla.org\/es\/kb\/habilitar-y-deshabilitar-cookies-que-los-sitios-we\">Mozilla Firefox<\/a>.<\/li><li>Informationen zu Cookies f\u00fcr <a href=\"https:\/\/help.opera.com\/Windows\/11.50\/es-ES\/cookies.html\">Opera<\/a>.<\/li><li>Informationen zu Cookies f\u00fcr <a href=\"https:\/\/support.google.com\/accounts\/answer\/61416?hl=es\">Google Chrome<\/a>.<\/li><li>Informationen zu Cookies f\u00fcr <a href=\"https:\/\/support.apple.com\/es-es\/HT201265\">Safari<\/a>.<\/li><\/ul><p style=\"text-align: left;\"><strong>Zus\u00e4tzliche Informationen<\/strong><\/p><p style=\"text-align: left;\">Weitere Informationen \u00fcber die Verwendung von Cookies und deren Blockierung finden Sie unter www.allaboutcookies.org, www.youronlinechoices.eu. Wenn Sie Fragen oder Kommentare zu unserer Verwendung von Cookies haben, kontaktieren Sie uns bitte unter <a href=\"mailto:rgpd@hotelbernat.com\">rgpd@hotelbernat.com <\/a> <\/p>\t\t\t\t\t\t\t\t<\/div>\n\t\t\t\t\t<\/div>\n\t\t\t\t<\/div>\n\t\t\t\t<\/div>\n\t\t","protected":false},"excerpt":{"rendered":"<p>Cookie-richtlinie Was sind Cookies und warum verwenden wir sie auf der Website? Ein Cookie ist eine Datei, die auf das Ger\u00e4t des Benutzers heruntergeladen wird, um auf eine bestimmte Website zuzugreifen, um Informationen \u00fcber die auf dem Computer durchgef\u00fchrte Navigation zu speichern und abzurufen. Cookies erm\u00f6glichen dieser Website unter anderem, Informationen \u00fcber die Optionen und &#8230;<\/p>\n","protected":false},"author":1,"featured_media":14234,"parent":0,"menu_order":0,"comment_status":"closed","ping_status":"closed","template":"","meta":{"cozystay_single_page_hide_site_header":"","cozystay_single_page_site_header_source":"","cozystay_single_page_custom_site_header":"0","cozystay_single_page_custom_sticky_site_header":"0","cozystay_single_page_hide_page_title":"","cozystay_single_page_header_section_size":"","cozystay_single_page_header_background_color":"","cozystay_single_page_header_background_position_x":"center","cozystay_single_page_header_background_position_y":"center","cozystay_single_page_header_background_size":"cover","cozystay_single_page_header_background_repeat":"off","cozystay_single_page_header_background_scroll":"on","cozystay_single_page_header_text_color":"","cozystay_single_page_header_show_breadcrumb":"","cozystay_single_page_site_footer_hide_main":"","cozystay_single_custom_site_footer_main_source":"","cozystay_single_custom_site_footer_main":"0","cozystay_single_page_site_footer_hide_above":"","cozystay_single_custom_site_footer_above_source":"","cozystay_single_custom_site_footer_above":"0","cozystay_single_page_site_footer_hide_instagram":"","cozystay_single_page_site_footer_hide_bottom":"","cozystay_single_custom_mobile_menu_source":"","cozystay_single_custom_mobile_menu":"0","cozystay_single_custom_mobile_menu_animation":"","cozystay_single_custom_mobile_menu_width":"","cozystay_single_custom_mobile_menu_custom_width":375,"footnotes":""},"class_list":["post-9939","page","type-page","status-publish","has-post-thumbnail","hentry"],"yoast_head":"<!-- This site is optimized with the Yoast SEO plugin v27.1.1 - https:\/\/yoast.com\/product\/yoast-seo-wordpress\/ -->\n<title>Cookie-richtlinie | Hotel Bernat II<\/title>\n<meta name=\"robots\" content=\"index, follow, max-snippet:-1, max-image-preview:large, max-video-preview:-1\" \/>\n<link rel=\"canonical\" href=\"https:\/\/www.hotelbernatcalella.com\/de\/cookie-richtlinie\/\" \/>\n<meta property=\"og:locale\" content=\"de_DE\" \/>\n<meta property=\"og:type\" content=\"article\" \/>\n<meta property=\"og:title\" content=\"Cookie-richtlinie | Hotel Bernat II\" \/>\n<meta property=\"og:description\" content=\"Cookie-richtlinie Was sind Cookies und warum verwenden wir sie auf der Website? Ein Cookie ist eine Datei, die auf das Ger\u00e4t des Benutzers heruntergeladen wird, um auf eine bestimmte Website zuzugreifen, um Informationen \u00fcber die auf dem Computer durchgef\u00fchrte Navigation zu speichern und abzurufen. Cookies erm\u00f6glichen dieser Website unter anderem, Informationen \u00fcber die Optionen und ...\" \/>\n<meta property=\"og:url\" content=\"https:\/\/www.hotelbernatcalella.com\/de\/cookie-richtlinie\/\" \/>\n<meta property=\"og:site_name\" content=\"Hotel Bernat II\" \/>\n<meta property=\"article:modified_time\" content=\"2025-08-13T10:36:34+00:00\" \/>\n<meta property=\"og:image\" content=\"https:\/\/www.hotelbernatcalella.com\/wp-content\/uploads\/2025\/06\/habitacion-premium-3.webp.webp\" \/>\n\t<meta property=\"og:image:width\" content=\"2560\" \/>\n\t<meta property=\"og:image:height\" content=\"1707\" \/>\n\t<meta property=\"og:image:type\" content=\"image\/webp\" \/>\n<meta name=\"twitter:card\" content=\"summary_large_image\" \/>\n<meta name=\"twitter:label1\" content=\"Gesch\u00e4tzte Lesezeit\" \/>\n\t<meta name=\"twitter:data1\" content=\"5\u00a0Minuten\" \/>\n<script type=\"application\/ld+json\" class=\"yoast-schema-graph\">{\"@context\":\"https:\/\/schema.org\",\"@graph\":[{\"@type\":\"WebPage\",\"@id\":\"https:\/\/www.hotelbernatcalella.com\/de\/cookie-richtlinie\/\",\"url\":\"https:\/\/www.hotelbernatcalella.com\/de\/cookie-richtlinie\/\",\"name\":\"Cookie-richtlinie | Hotel Bernat II\",\"isPartOf\":{\"@id\":\"https:\/\/www.hotelbernatcalella.com\/de\/#website\"},\"primaryImageOfPage\":{\"@id\":\"https:\/\/www.hotelbernatcalella.com\/de\/cookie-richtlinie\/#primaryimage\"},\"image\":{\"@id\":\"https:\/\/www.hotelbernatcalella.com\/de\/cookie-richtlinie\/#primaryimage\"},\"thumbnailUrl\":\"https:\/\/www.hotelbernatcalella.com\/wp-content\/uploads\/2025\/06\/habitacion-premium-3.webp.webp\",\"datePublished\":\"2024-08-30T11:22:39+00:00\",\"dateModified\":\"2025-08-13T10:36:34+00:00\",\"breadcrumb\":{\"@id\":\"https:\/\/www.hotelbernatcalella.com\/de\/cookie-richtlinie\/#breadcrumb\"},\"inLanguage\":\"de\",\"potentialAction\":[{\"@type\":\"ReadAction\",\"target\":[\"https:\/\/www.hotelbernatcalella.com\/de\/cookie-richtlinie\/\"]}]},{\"@type\":\"ImageObject\",\"inLanguage\":\"de\",\"@id\":\"https:\/\/www.hotelbernatcalella.com\/de\/cookie-richtlinie\/#primaryimage\",\"url\":\"https:\/\/www.hotelbernatcalella.com\/wp-content\/uploads\/2025\/06\/habitacion-premium-3.webp.webp\",\"contentUrl\":\"https:\/\/www.hotelbernatcalella.com\/wp-content\/uploads\/2025\/06\/habitacion-premium-3.webp.webp\",\"width\":2560,\"height\":1707,\"caption\":\"zimmer hotel bernat\"},{\"@type\":\"BreadcrumbList\",\"@id\":\"https:\/\/www.hotelbernatcalella.com\/de\/cookie-richtlinie\/#breadcrumb\",\"itemListElement\":[{\"@type\":\"ListItem\",\"position\":1,\"name\":\"Portada\",\"item\":\"https:\/\/hotelbernatcalella.com\/de\/\"},{\"@type\":\"ListItem\",\"position\":2,\"name\":\"Cookie-richtlinie\"}]},{\"@type\":\"WebSite\",\"@id\":\"https:\/\/www.hotelbernatcalella.com\/de\/#website\",\"url\":\"https:\/\/www.hotelbernatcalella.com\/de\/\",\"name\":\"Hotel Bernat II & Spa Calella\",\"description\":\"Hotel in Calella\",\"alternateName\":\"Hotel Bernat II & Spa\",\"potentialAction\":[{\"@type\":\"SearchAction\",\"target\":{\"@type\":\"EntryPoint\",\"urlTemplate\":\"https:\/\/www.hotelbernatcalella.com\/de\/?s={search_term_string}\"},\"query-input\":{\"@type\":\"PropertyValueSpecification\",\"valueRequired\":true,\"valueName\":\"search_term_string\"}}],\"inLanguage\":\"de\"}]}<\/script>\n<!-- \/ Yoast SEO plugin. -->","yoast_head_json":{"title":"Cookie-richtlinie | Hotel Bernat II","robots":{"index":"index","follow":"follow","max-snippet":"max-snippet:-1","max-image-preview":"max-image-preview:large","max-video-preview":"max-video-preview:-1"},"canonical":"https:\/\/www.hotelbernatcalella.com\/de\/cookie-richtlinie\/","og_locale":"de_DE","og_type":"article","og_title":"Cookie-richtlinie | Hotel Bernat II","og_description":"Cookie-richtlinie Was sind Cookies und warum verwenden wir sie auf der Website? Ein Cookie ist eine Datei, die auf das Ger\u00e4t des Benutzers heruntergeladen wird, um auf eine bestimmte Website zuzugreifen, um Informationen \u00fcber die auf dem Computer durchgef\u00fchrte Navigation zu speichern und abzurufen. Cookies erm\u00f6glichen dieser Website unter anderem, Informationen \u00fcber die Optionen und ...","og_url":"https:\/\/www.hotelbernatcalella.com\/de\/cookie-richtlinie\/","og_site_name":"Hotel Bernat II","article_modified_time":"2025-08-13T10:36:34+00:00","og_image":[{"width":2560,"height":1707,"url":"https:\/\/www.hotelbernatcalella.com\/wp-content\/uploads\/2025\/06\/habitacion-premium-3.webp.webp","type":"image\/webp"}],"twitter_card":"summary_large_image","twitter_misc":{"Gesch\u00e4tzte Lesezeit":"5\u00a0Minuten"},"schema":{"@context":"https:\/\/schema.org","@graph":[{"@type":"WebPage","@id":"https:\/\/www.hotelbernatcalella.com\/de\/cookie-richtlinie\/","url":"https:\/\/www.hotelbernatcalella.com\/de\/cookie-richtlinie\/","name":"Cookie-richtlinie | Hotel Bernat II","isPartOf":{"@id":"https:\/\/www.hotelbernatcalella.com\/de\/#website"},"primaryImageOfPage":{"@id":"https:\/\/www.hotelbernatcalella.com\/de\/cookie-richtlinie\/#primaryimage"},"image":{"@id":"https:\/\/www.hotelbernatcalella.com\/de\/cookie-richtlinie\/#primaryimage"},"thumbnailUrl":"https:\/\/www.hotelbernatcalella.com\/wp-content\/uploads\/2025\/06\/habitacion-premium-3.webp.webp","datePublished":"2024-08-30T11:22:39+00:00","dateModified":"2025-08-13T10:36:34+00:00","breadcrumb":{"@id":"https:\/\/www.hotelbernatcalella.com\/de\/cookie-richtlinie\/#breadcrumb"},"inLanguage":"de","potentialAction":[{"@type":"ReadAction","target":["https:\/\/www.hotelbernatcalella.com\/de\/cookie-richtlinie\/"]}]},{"@type":"ImageObject","inLanguage":"de","@id":"https:\/\/www.hotelbernatcalella.com\/de\/cookie-richtlinie\/#primaryimage","url":"https:\/\/www.hotelbernatcalella.com\/wp-content\/uploads\/2025\/06\/habitacion-premium-3.webp.webp","contentUrl":"https:\/\/www.hotelbernatcalella.com\/wp-content\/uploads\/2025\/06\/habitacion-premium-3.webp.webp","width":2560,"height":1707,"caption":"zimmer hotel bernat"},{"@type":"BreadcrumbList","@id":"https:\/\/www.hotelbernatcalella.com\/de\/cookie-richtlinie\/#breadcrumb","itemListElement":[{"@type":"ListItem","position":1,"name":"Portada","item":"https:\/\/hotelbernatcalella.com\/de\/"},{"@type":"ListItem","position":2,"name":"Cookie-richtlinie"}]},{"@type":"WebSite","@id":"https:\/\/www.hotelbernatcalella.com\/de\/#website","url":"https:\/\/www.hotelbernatcalella.com\/de\/","name":"Hotel Bernat II & Spa Calella","description":"Hotel in Calella","alternateName":"Hotel Bernat II & Spa","potentialAction":[{"@type":"SearchAction","target":{"@type":"EntryPoint","urlTemplate":"https:\/\/www.hotelbernatcalella.com\/de\/?s={search_term_string}"},"query-input":{"@type":"PropertyValueSpecification","valueRequired":true,"valueName":"search_term_string"}}],"inLanguage":"de"}]}},"_links":{"self":[{"href":"https:\/\/www.hotelbernatcalella.com\/de\/wp-json\/wp\/v2\/pages\/9939","targetHints":{"allow":["GET"]}}],"collection":[{"href":"https:\/\/www.hotelbernatcalella.com\/de\/wp-json\/wp\/v2\/pages"}],"about":[{"href":"https:\/\/www.hotelbernatcalella.com\/de\/wp-json\/wp\/v2\/types\/page"}],"author":[{"embeddable":true,"href":"https:\/\/www.hotelbernatcalella.com\/de\/wp-json\/wp\/v2\/users\/1"}],"replies":[{"embeddable":true,"href":"https:\/\/www.hotelbernatcalella.com\/de\/wp-json\/wp\/v2\/comments?post=9939"}],"version-history":[{"count":0,"href":"https:\/\/www.hotelbernatcalella.com\/de\/wp-json\/wp\/v2\/pages\/9939\/revisions"}],"wp:featuredmedia":[{"embeddable":true,"href":"https:\/\/www.hotelbernatcalella.com\/de\/wp-json\/wp\/v2\/media\/14234"}],"wp:attachment":[{"href":"https:\/\/www.hotelbernatcalella.com\/de\/wp-json\/wp\/v2\/media?parent=9939"}],"curies":[{"name":"wp","href":"https:\/\/api.w.org\/{rel}","templated":true}]}}