{"id":9345,"date":"2023-03-28T04:38:03","date_gmt":"2023-03-28T04:38:03","guid":{"rendered":"https:\/\/hotelbernatcalella.com\/bahari-club\/"},"modified":"2025-08-13T10:36:19","modified_gmt":"2025-08-13T10:36:19","slug":"bahari-club","status":"publish","type":"page","link":"https:\/\/www.hotelbernatcalella.com\/ca\/bahari-club\/","title":{"rendered":"Bahari Club"},"content":{"rendered":"\t\t<div data-elementor-type=\"wp-page\" data-elementor-id=\"9345\" class=\"elementor elementor-9345 elementor-236\" data-elementor-post-type=\"page\">\n\t\t\t\t\t\t<section class=\"elementor-section elementor-top-section elementor-element elementor-element-45fac64a elementor-section-height-min-height cs-section-content-fullwidth cs-parallax-on-scroll cs_scroll_y_80 elementor-section-boxed elementor-section-height-default elementor-section-items-middle\" data-id=\"45fac64a\" data-element_type=\"section\" data-e-type=\"section\" data-settings=\"{&quot;background_background&quot;:&quot;classic&quot;}\" data-cs-parallax-y=\"80\" style=\"background-image: none;\" data-cs-background-image=\"https:\/\/www.hotelbernatcalella.com\/wp-content\/uploads\/2025\/06\/restaurante-calella-bahari.webp\" data-cs-background-image-alt-text=\"restaurante calella bahari\">\n\t\t\t\t\t\t\t<div class=\"elementor-background-overlay\"><\/div>\n\t\t\t\t\t\t\t<div class=\"elementor-container elementor-column-gap-no\">\n\t\t\t\t\t<div class=\"elementor-column elementor-col-100 elementor-top-column elementor-element elementor-element-7d85fca1 dark-color\" data-id=\"7d85fca1\" data-element_type=\"column\" data-e-type=\"column\">\n\t\t\t<div class=\"elementor-widget-wrap elementor-element-populated\">\n\t\t\t\t\t\t<div class=\"elementor-element elementor-element-3890ab8b elementor-widget elementor-widget-cs_title\" data-id=\"3890ab8b\" data-element_type=\"widget\" data-e-type=\"widget\" data-widget_type=\"cs_title.default\">\n\t\t\t\t<div class=\"elementor-widget-container\">\n\t\t\t\t\t\n        <div class=\"cs-title-wrap text-center\">\t            <div class=\"cs-subtitle-wrap\"><span class=\"cs-subtitle color-white\">Restaurant a la platja de Calella<\/span><\/div>\t            <h1 class=\"cs-title\">\n\t                Bahari Club\t            <\/h1>        <\/div>\t\t\t\t<\/div>\n\t\t\t\t<\/div>\n\t\t\t\t\t<\/div>\n\t\t<\/div>\n\t\t\t\t\t<\/div>\n\t\t<\/section>\n\t\t\t\t<section class=\"elementor-section elementor-top-section elementor-element elementor-element-7e0be11e cs-section-content-fullwidth elementor-section-content-middle elementor-section-boxed elementor-section-height-default elementor-section-height-default\" data-id=\"7e0be11e\" data-element_type=\"section\" data-e-type=\"section\" data-settings=\"{&quot;background_background&quot;:&quot;classic&quot;}\">\n\t\t\t\t\t\t<div class=\"elementor-container elementor-column-gap-no\">\n\t\t\t\t\t<div class=\"elementor-column elementor-col-100 elementor-top-column elementor-element elementor-element-1e69e9da\" data-id=\"1e69e9da\" data-element_type=\"column\" data-e-type=\"column\">\n\t\t\t<div class=\"elementor-widget-wrap elementor-element-populated\">\n\t\t\t\t\t\t<div class=\"elementor-element elementor-element-7392989b elementor-widget elementor-widget-cs_title\" data-id=\"7392989b\" data-element_type=\"widget\" data-e-type=\"widget\" data-widget_type=\"cs_title.default\">\n\t\t\t\t<div class=\"elementor-widget-container\">\n\t\t\t\t\t\n        <div class=\"cs-title-wrap text-center\">\t            <h3 class=\"cs-title\">\n\t                Coneix el Bahari Club\t            <\/h3>\t            <div class=\"cs-title-text\">\n\t                <p>L\u00b4Hotel Bernat II disposa d\u00b4un magn\u00edfic restaurant a la platja de Calella, a la Platja de Garb\u00ed \u2013 Costa de Barcelona, \u200b\u200bla qual ha estat guardonada amb la bandera blava 2016 i amb la Q de Qualitat Tur\u00edstica 2016.<\/p>\t            <\/div>        <\/div>\t\t\t\t<\/div>\n\t\t\t\t<\/div>\n\t\t\t\t\t<\/div>\n\t\t<\/div>\n\t\t\t\t\t<\/div>\n\t\t<\/section>\n\t\t\t\t<section class=\"elementor-section elementor-top-section elementor-element elementor-element-a475baa cs-section-content-fullwidth elementor-section-boxed elementor-section-height-default elementor-section-height-default\" data-id=\"a475baa\" data-element_type=\"section\" data-e-type=\"section\">\n\t\t\t\t\t\t<div class=\"elementor-container elementor-column-gap-default\">\n\t\t\t\t\t<div class=\"elementor-column elementor-col-33 elementor-top-column elementor-element elementor-element-1fa6ba13\" data-id=\"1fa6ba13\" data-element_type=\"column\" data-e-type=\"column\">\n\t\t\t<div class=\"elementor-widget-wrap elementor-element-populated\">\n\t\t\t\t\t\t<div class=\"elementor-element elementor-element-76d3b3c8 elementor-widget elementor-widget-cs_call_to_action\" data-id=\"76d3b3c8\" data-element_type=\"widget\" data-e-type=\"widget\" data-settings=\"{&quot;overlay_background&quot;:&quot;gradient&quot;}\" data-widget_type=\"cs_call_to_action.default\">\n\t\t\t\t<div class=\"elementor-widget-container\">\n\t\t\t\t\t\n\t\t<div class=\"cs-cta cta-layout-text-overlap content-middle dark-color text-center cta-hover-img-zoom\">\n            <div class=\"cs-cta-wrap\">\t\t               \t<div class=\"cs-cta-img\">\n\t\t                    <img fetchpriority=\"high\" decoding=\"async\" width=\"651\" height=\"976\" src=\"https:\/\/www.hotelbernatcalella.com\/wp-content\/uploads\/2025\/06\/bodas-maresme.webp\" class=\"attachment-full size-full wp-image-14654\" alt=\"bodas maresme\" srcset=\"https:\/\/www.hotelbernatcalella.com\/wp-content\/uploads\/2025\/06\/bodas-maresme.webp 651w, https:\/\/www.hotelbernatcalella.com\/wp-content\/uploads\/2025\/06\/bodas-maresme-200x300.webp 200w, https:\/\/www.hotelbernatcalella.com\/wp-content\/uploads\/2025\/06\/bodas-maresme-600x900.webp 600w, https:\/\/www.hotelbernatcalella.com\/wp-content\/uploads\/2025\/06\/bodas-maresme-550x825.webp 550w, https:\/\/www.hotelbernatcalella.com\/wp-content\/uploads\/2025\/06\/bodas-maresme-370x555.webp 370w, https:\/\/www.hotelbernatcalella.com\/wp-content\/uploads\/2025\/06\/bodas-maresme-255x382.webp 255w\" sizes=\"(max-width: 651px) 100vw, 651px\" \/>\t\t                <\/div>                <div class=\"cs-cta-overlay\"><\/div>\n                <div class=\"cs-cta-content\">\t\t            <h6 class=\"cs-cta-title cs-title\">\n\t\t                Bahari Club\t\t            <\/h6>\t\t            <div class=\"cs-cta-text\">\n\t\t                <p style=\"text-align: center;\">Bahari Club \u00e9s el nostre restaurant, situat davant de la vora del mar i perfecte per prendre alguna cosa sota el sol o gaudir de la gastronomia mediterr\u00e0nia a la platja de Calella.<\/p>\t\t            <\/div>\t\t\t<\/div>                <a class=\"cs-cta-link\" href=\"https:\/\/www.bahariclub.com\/\" target=\"_blank\" aria-label=\"Call to Action Link\"><\/a>            <\/div>\n        <\/div>\t\t\t\t<\/div>\n\t\t\t\t<\/div>\n\t\t\t\t\t<\/div>\n\t\t<\/div>\n\t\t\t\t<div class=\"elementor-column elementor-col-33 elementor-top-column elementor-element elementor-element-236fa1e4\" data-id=\"236fa1e4\" data-element_type=\"column\" data-e-type=\"column\">\n\t\t\t<div class=\"elementor-widget-wrap elementor-element-populated\">\n\t\t\t\t\t\t<div class=\"elementor-element elementor-element-415b5159 elementor-widget elementor-widget-cs_call_to_action\" data-id=\"415b5159\" data-element_type=\"widget\" data-e-type=\"widget\" data-settings=\"{&quot;overlay_background&quot;:&quot;gradient&quot;}\" data-widget_type=\"cs_call_to_action.default\">\n\t\t\t\t<div class=\"elementor-widget-container\">\n\t\t\t\t\t\n\t\t<div class=\"cs-cta cta-layout-text-overlap content-middle dark-color text-center cta-hover-img-zoom\">\n            <div class=\"cs-cta-wrap\">\t\t               \t<div class=\"cs-cta-img\">\n\t\t                    <img decoding=\"async\" width=\"651\" height=\"976\" src=\"https:\/\/www.hotelbernatcalella.com\/wp-content\/uploads\/2025\/06\/restaurante-calella-barcelona.webp\" class=\"attachment-full size-full wp-image-14661\" alt=\"\" srcset=\"https:\/\/www.hotelbernatcalella.com\/wp-content\/uploads\/2025\/06\/restaurante-calella-barcelona.webp 651w, https:\/\/www.hotelbernatcalella.com\/wp-content\/uploads\/2025\/06\/restaurante-calella-barcelona-200x300.webp 200w, https:\/\/www.hotelbernatcalella.com\/wp-content\/uploads\/2025\/06\/restaurante-calella-barcelona-600x900.webp 600w, https:\/\/www.hotelbernatcalella.com\/wp-content\/uploads\/2025\/06\/restaurante-calella-barcelona-550x825.webp 550w, https:\/\/www.hotelbernatcalella.com\/wp-content\/uploads\/2025\/06\/restaurante-calella-barcelona-370x555.webp 370w, https:\/\/www.hotelbernatcalella.com\/wp-content\/uploads\/2025\/06\/restaurante-calella-barcelona-255x382.webp 255w\" sizes=\"(max-width: 651px) 100vw, 651px\" \/>\t\t                <\/div>                <div class=\"cs-cta-overlay\"><\/div>\n                <div class=\"cs-cta-content\">\t\t            <h6 class=\"cs-cta-title cs-title\">\n\t\t                Gastronomia\t\t            <\/h6>\t\t            <div class=\"cs-cta-text\">\n\t\t                <p style=\"text-align: center;\">Sopar rom\u00e0ntic al nostre Beach Club, situat a pocs metres de l&#8217;Hotel Bernat II. Un pla perfecte per compartir moments especials al costat del mar. Disponible \u00fanicament durant la temporada d&#8217;estiu.<\/p>\t\t            <\/div>\t\t\t<\/div>                <a class=\"cs-cta-link\" href=\"https:\/\/www.bahariclub.com\/cocina\/\" target=\"_blank\" aria-label=\"Call to Action Link\"><\/a>            <\/div>\n        <\/div>\t\t\t\t<\/div>\n\t\t\t\t<\/div>\n\t\t\t\t\t<\/div>\n\t\t<\/div>\n\t\t\t\t<div class=\"elementor-column elementor-col-33 elementor-top-column elementor-element elementor-element-289894e\" data-id=\"289894e\" data-element_type=\"column\" data-e-type=\"column\">\n\t\t\t<div class=\"elementor-widget-wrap elementor-element-populated\">\n\t\t\t\t\t\t<div class=\"elementor-element elementor-element-4498b74c elementor-widget elementor-widget-cs_call_to_action\" data-id=\"4498b74c\" data-element_type=\"widget\" data-e-type=\"widget\" data-settings=\"{&quot;overlay_background&quot;:&quot;gradient&quot;}\" data-widget_type=\"cs_call_to_action.default\">\n\t\t\t\t<div class=\"elementor-widget-container\">\n\t\t\t\t\t\n\t\t<div class=\"cs-cta cta-layout-text-overlap content-middle dark-color text-center cta-hover-img-zoom\">\n            <div class=\"cs-cta-wrap\">\t\t               \t<div class=\"cs-cta-img\">\n\t\t                    <img decoding=\"async\" width=\"651\" height=\"976\" src=\"https:\/\/www.hotelbernatcalella.com\/wp-content\/uploads\/2025\/06\/bodas-calella.webp\" class=\"attachment-full size-full wp-image-14668\" alt=\"bodas en calella\" srcset=\"https:\/\/www.hotelbernatcalella.com\/wp-content\/uploads\/2025\/06\/bodas-calella.webp 651w, https:\/\/www.hotelbernatcalella.com\/wp-content\/uploads\/2025\/06\/bodas-calella-200x300.webp 200w, https:\/\/www.hotelbernatcalella.com\/wp-content\/uploads\/2025\/06\/bodas-calella-600x900.webp 600w, https:\/\/www.hotelbernatcalella.com\/wp-content\/uploads\/2025\/06\/bodas-calella-550x825.webp 550w, https:\/\/www.hotelbernatcalella.com\/wp-content\/uploads\/2025\/06\/bodas-calella-370x555.webp 370w, https:\/\/www.hotelbernatcalella.com\/wp-content\/uploads\/2025\/06\/bodas-calella-255x382.webp 255w\" sizes=\"(max-width: 651px) 100vw, 651px\" \/>\t\t                <\/div>                <div class=\"cs-cta-overlay\"><\/div>\n                <div class=\"cs-cta-content\">\t\t            <h6 class=\"cs-cta-title cs-title\">\n\t\t                Casaments i Banquets\t\t            <\/h6>\t\t            <div class=\"cs-cta-text\">\n\t\t                <p style=\"text-align: center;\">El Mar Mediterrani i el Far de Calella fan de Bahari Club el lloc perfecte per a la vostra boda.<br>Amb m\u00e9s de 30 anys d&#8217;experi\u00e8ncia, us oferim tot el que necessiteu per a aquest dia \u00fanic.  <br>Voleu m\u00e9s informaci\u00f3?<\/p>\t\t            <\/div>\t\t\t<\/div>                <a class=\"cs-cta-link\" href=\"https:\/\/www.bahariclub.com\/boda\/\" target=\"_blank\" aria-label=\"Call to Action Link\"><\/a>            <\/div>\n        <\/div>\t\t\t\t<\/div>\n\t\t\t\t<\/div>\n\t\t\t\t\t<\/div>\n\t\t<\/div>\n\t\t\t\t\t<\/div>\n\t\t<\/section>\n\t\t\t\t<\/div>\n\t\t","protected":false},"excerpt":{"rendered":"<p>Restaurant a la platja de Calella Bahari Club Coneix el Bahari Club L\u00b4Hotel Bernat II disposa d\u00b4un magn\u00edfic restaurant a la platja de Calella, a la Platja de Garb\u00ed \u2013 Costa de Barcelona, \u200b\u200bla qual ha estat guardonada amb la bandera blava 2016 i amb la Q de Qualitat Tur\u00edstica 2016. Bahari Club Bahari Club &#8230;<\/p>\n","protected":false},"author":1,"featured_media":14648,"parent":0,"menu_order":0,"comment_status":"closed","ping_status":"closed","template":"template-wide-content.php","meta":{"cozystay_single_page_hide_site_header":"","cozystay_single_page_site_header_source":"","cozystay_single_page_custom_site_header":"0","cozystay_single_page_custom_sticky_site_header":"0","cozystay_single_page_hide_page_title":"","cozystay_single_page_header_section_size":"","cozystay_single_page_header_background_color":"","cozystay_single_page_header_background_position_x":"center","cozystay_single_page_header_background_position_y":"center","cozystay_single_page_header_background_size":"cover","cozystay_single_page_header_background_repeat":"off","cozystay_single_page_header_background_scroll":"on","cozystay_single_page_header_text_color":"","cozystay_single_page_header_show_breadcrumb":"","cozystay_single_page_site_footer_hide_main":"","cozystay_single_custom_site_footer_main_source":"","cozystay_single_custom_site_footer_main":"0","cozystay_single_page_site_footer_hide_above":"","cozystay_single_custom_site_footer_above_source":"","cozystay_single_custom_site_footer_above":"0","cozystay_single_page_site_footer_hide_instagram":"","cozystay_single_page_site_footer_hide_bottom":"","cozystay_single_custom_mobile_menu_source":"","cozystay_single_custom_mobile_menu":"0","cozystay_single_custom_mobile_menu_animation":"","cozystay_single_custom_mobile_menu_width":"","cozystay_single_custom_mobile_menu_custom_width":375,"footnotes":""},"class_list":["post-9345","page","type-page","status-publish","has-post-thumbnail","hentry"],"yoast_head":"<!-- This site is optimized with the Yoast SEO plugin v27.1.1 - https:\/\/yoast.com\/product\/yoast-seo-wordpress\/ -->\n<title>Restaurante a la platja de Calella | Bahari Club | Hotel Bernat II<\/title>\n<meta name=\"description\" content=\"Descobreix el nostre restaurant a la platja de Calella. Disposem d\u00b4entrants, plats variats, c\u00f2ctels i la possibilitat de celebrar casaments.\" \/>\n<meta name=\"robots\" content=\"index, follow, max-snippet:-1, max-image-preview:large, max-video-preview:-1\" \/>\n<link rel=\"canonical\" href=\"https:\/\/www.hotelbernatcalella.com\/ca\/bahari-club\/\" \/>\n<meta property=\"og:locale\" content=\"ca_ES\" \/>\n<meta property=\"og:type\" content=\"article\" \/>\n<meta property=\"og:title\" content=\"Restaurante a la platja de Calella | Bahari Club | Hotel Bernat II\" \/>\n<meta property=\"og:description\" content=\"Descobreix el nostre restaurant a la platja de Calella. Disposem d\u00b4entrants, plats variats, c\u00f2ctels i la possibilitat de celebrar casaments.\" \/>\n<meta property=\"og:url\" content=\"https:\/\/www.hotelbernatcalella.com\/ca\/bahari-club\/\" \/>\n<meta property=\"og:site_name\" content=\"Hotel Bernat II\" \/>\n<meta property=\"article:modified_time\" content=\"2025-08-13T10:36:19+00:00\" \/>\n<meta property=\"og:image\" content=\"https:\/\/www.hotelbernatcalella.com\/wp-content\/uploads\/2025\/06\/restaurante-calella-bahari.webp\" \/>\n\t<meta property=\"og:image:width\" content=\"2560\" \/>\n\t<meta property=\"og:image:height\" content=\"1637\" \/>\n\t<meta property=\"og:image:type\" content=\"image\/webp\" \/>\n<meta name=\"twitter:card\" content=\"summary_large_image\" \/>\n<meta name=\"twitter:label1\" content=\"Temps estimat de lectura\" \/>\n\t<meta name=\"twitter:data1\" content=\"2 minuts\" \/>\n<script type=\"application\/ld+json\" class=\"yoast-schema-graph\">{\"@context\":\"https:\/\/schema.org\",\"@graph\":[{\"@type\":\"WebPage\",\"@id\":\"https:\/\/www.hotelbernatcalella.com\/ca\/bahari-club\/\",\"url\":\"https:\/\/www.hotelbernatcalella.com\/ca\/bahari-club\/\",\"name\":\"Restaurante a la platja de Calella | Bahari Club | Hotel Bernat II\",\"isPartOf\":{\"@id\":\"https:\/\/www.hotelbernatcalella.com\/ca\/#website\"},\"primaryImageOfPage\":{\"@id\":\"https:\/\/www.hotelbernatcalella.com\/ca\/bahari-club\/#primaryimage\"},\"image\":{\"@id\":\"https:\/\/www.hotelbernatcalella.com\/ca\/bahari-club\/#primaryimage\"},\"thumbnailUrl\":\"https:\/\/www.hotelbernatcalella.com\/wp-content\/uploads\/2025\/06\/restaurante-calella-bahari.webp\",\"datePublished\":\"2023-03-28T04:38:03+00:00\",\"dateModified\":\"2025-08-13T10:36:19+00:00\",\"description\":\"Descobreix el nostre restaurant a la platja de Calella. Disposem d\u00b4entrants, plats variats, c\u00f2ctels i la possibilitat de celebrar casaments.\",\"breadcrumb\":{\"@id\":\"https:\/\/www.hotelbernatcalella.com\/ca\/bahari-club\/#breadcrumb\"},\"inLanguage\":\"ca\",\"potentialAction\":[{\"@type\":\"ReadAction\",\"target\":[\"https:\/\/www.hotelbernatcalella.com\/ca\/bahari-club\/\"]}]},{\"@type\":\"ImageObject\",\"inLanguage\":\"ca\",\"@id\":\"https:\/\/www.hotelbernatcalella.com\/ca\/bahari-club\/#primaryimage\",\"url\":\"https:\/\/www.hotelbernatcalella.com\/wp-content\/uploads\/2025\/06\/restaurante-calella-bahari.webp\",\"contentUrl\":\"https:\/\/www.hotelbernatcalella.com\/wp-content\/uploads\/2025\/06\/restaurante-calella-bahari.webp\",\"width\":2560,\"height\":1637,\"caption\":\"restaurante calella bahari\"},{\"@type\":\"BreadcrumbList\",\"@id\":\"https:\/\/www.hotelbernatcalella.com\/ca\/bahari-club\/#breadcrumb\",\"itemListElement\":[{\"@type\":\"ListItem\",\"position\":1,\"name\":\"Portada\",\"item\":\"https:\/\/hotelbernatcalella.com\/ca\/\"},{\"@type\":\"ListItem\",\"position\":2,\"name\":\"Bahari Club\"}]},{\"@type\":\"WebSite\",\"@id\":\"https:\/\/www.hotelbernatcalella.com\/ca\/#website\",\"url\":\"https:\/\/www.hotelbernatcalella.com\/ca\/\",\"name\":\"Hotel Bernat II & Spa Calella\",\"description\":\"Hotel en Calella\",\"alternateName\":\"Hotel Bernat II & Spa\",\"potentialAction\":[{\"@type\":\"SearchAction\",\"target\":{\"@type\":\"EntryPoint\",\"urlTemplate\":\"https:\/\/www.hotelbernatcalella.com\/ca\/?s={search_term_string}\"},\"query-input\":{\"@type\":\"PropertyValueSpecification\",\"valueRequired\":true,\"valueName\":\"search_term_string\"}}],\"inLanguage\":\"ca\"}]}<\/script>\n<!-- \/ Yoast SEO plugin. -->","yoast_head_json":{"title":"Restaurante a la platja de Calella | Bahari Club | Hotel Bernat II","description":"Descobreix el nostre restaurant a la platja de Calella. Disposem d\u00b4entrants, plats variats, c\u00f2ctels i la possibilitat de celebrar casaments.","robots":{"index":"index","follow":"follow","max-snippet":"max-snippet:-1","max-image-preview":"max-image-preview:large","max-video-preview":"max-video-preview:-1"},"canonical":"https:\/\/www.hotelbernatcalella.com\/ca\/bahari-club\/","og_locale":"ca_ES","og_type":"article","og_title":"Restaurante a la platja de Calella | Bahari Club | Hotel Bernat II","og_description":"Descobreix el nostre restaurant a la platja de Calella. Disposem d\u00b4entrants, plats variats, c\u00f2ctels i la possibilitat de celebrar casaments.","og_url":"https:\/\/www.hotelbernatcalella.com\/ca\/bahari-club\/","og_site_name":"Hotel Bernat II","article_modified_time":"2025-08-13T10:36:19+00:00","og_image":[{"width":2560,"height":1637,"url":"https:\/\/www.hotelbernatcalella.com\/wp-content\/uploads\/2025\/06\/restaurante-calella-bahari.webp","type":"image\/webp"}],"twitter_card":"summary_large_image","twitter_misc":{"Temps estimat de lectura":"2 minuts"},"schema":{"@context":"https:\/\/schema.org","@graph":[{"@type":"WebPage","@id":"https:\/\/www.hotelbernatcalella.com\/ca\/bahari-club\/","url":"https:\/\/www.hotelbernatcalella.com\/ca\/bahari-club\/","name":"Restaurante a la platja de Calella | Bahari Club | Hotel Bernat II","isPartOf":{"@id":"https:\/\/www.hotelbernatcalella.com\/ca\/#website"},"primaryImageOfPage":{"@id":"https:\/\/www.hotelbernatcalella.com\/ca\/bahari-club\/#primaryimage"},"image":{"@id":"https:\/\/www.hotelbernatcalella.com\/ca\/bahari-club\/#primaryimage"},"thumbnailUrl":"https:\/\/www.hotelbernatcalella.com\/wp-content\/uploads\/2025\/06\/restaurante-calella-bahari.webp","datePublished":"2023-03-28T04:38:03+00:00","dateModified":"2025-08-13T10:36:19+00:00","description":"Descobreix el nostre restaurant a la platja de Calella. Disposem d\u00b4entrants, plats variats, c\u00f2ctels i la possibilitat de celebrar casaments.","breadcrumb":{"@id":"https:\/\/www.hotelbernatcalella.com\/ca\/bahari-club\/#breadcrumb"},"inLanguage":"ca","potentialAction":[{"@type":"ReadAction","target":["https:\/\/www.hotelbernatcalella.com\/ca\/bahari-club\/"]}]},{"@type":"ImageObject","inLanguage":"ca","@id":"https:\/\/www.hotelbernatcalella.com\/ca\/bahari-club\/#primaryimage","url":"https:\/\/www.hotelbernatcalella.com\/wp-content\/uploads\/2025\/06\/restaurante-calella-bahari.webp","contentUrl":"https:\/\/www.hotelbernatcalella.com\/wp-content\/uploads\/2025\/06\/restaurante-calella-bahari.webp","width":2560,"height":1637,"caption":"restaurante calella bahari"},{"@type":"BreadcrumbList","@id":"https:\/\/www.hotelbernatcalella.com\/ca\/bahari-club\/#breadcrumb","itemListElement":[{"@type":"ListItem","position":1,"name":"Portada","item":"https:\/\/hotelbernatcalella.com\/ca\/"},{"@type":"ListItem","position":2,"name":"Bahari Club"}]},{"@type":"WebSite","@id":"https:\/\/www.hotelbernatcalella.com\/ca\/#website","url":"https:\/\/www.hotelbernatcalella.com\/ca\/","name":"Hotel Bernat II & Spa Calella","description":"Hotel en Calella","alternateName":"Hotel Bernat II & Spa","potentialAction":[{"@type":"SearchAction","target":{"@type":"EntryPoint","urlTemplate":"https:\/\/www.hotelbernatcalella.com\/ca\/?s={search_term_string}"},"query-input":{"@type":"PropertyValueSpecification","valueRequired":true,"valueName":"search_term_string"}}],"inLanguage":"ca"}]}},"_links":{"self":[{"href":"https:\/\/www.hotelbernatcalella.com\/ca\/wp-json\/wp\/v2\/pages\/9345","targetHints":{"allow":["GET"]}}],"collection":[{"href":"https:\/\/www.hotelbernatcalella.com\/ca\/wp-json\/wp\/v2\/pages"}],"about":[{"href":"https:\/\/www.hotelbernatcalella.com\/ca\/wp-json\/wp\/v2\/types\/page"}],"author":[{"embeddable":true,"href":"https:\/\/www.hotelbernatcalella.com\/ca\/wp-json\/wp\/v2\/users\/1"}],"replies":[{"embeddable":true,"href":"https:\/\/www.hotelbernatcalella.com\/ca\/wp-json\/wp\/v2\/comments?post=9345"}],"version-history":[{"count":0,"href":"https:\/\/www.hotelbernatcalella.com\/ca\/wp-json\/wp\/v2\/pages\/9345\/revisions"}],"wp:featuredmedia":[{"embeddable":true,"href":"https:\/\/www.hotelbernatcalella.com\/ca\/wp-json\/wp\/v2\/media\/14648"}],"wp:attachment":[{"href":"https:\/\/www.hotelbernatcalella.com\/ca\/wp-json\/wp\/v2\/media?parent=9345"}],"curies":[{"name":"wp","href":"https:\/\/api.w.org\/{rel}","templated":true}]}}