{"id":18774,"date":"2025-08-14T14:07:38","date_gmt":"2025-08-14T14:07:38","guid":{"rendered":"https:\/\/www.hotelbernatcalella.com\/descarrec-de-responsabilitat\/"},"modified":"2025-11-19T15:47:33","modified_gmt":"2025-11-19T15:47:33","slug":"descarrec-de-responsabilitat","status":"publish","type":"page","link":"https:\/\/www.hotelbernatcalella.com\/ca\/descarrec-de-responsabilitat\/","title":{"rendered":"Desc\u00e0rrec de responsabilitat"},"content":{"rendered":"\t\t<div data-elementor-type=\"wp-page\" data-elementor-id=\"18774\" class=\"elementor elementor-18774 elementor-18385\" data-elementor-post-type=\"page\">\n\t\t\t\t<div class=\"elementor-element elementor-element-41e15abb e-flex e-con-boxed e-con e-parent\" data-id=\"41e15abb\" data-element_type=\"container\" data-e-type=\"container\">\n\t\t\t\t\t<div class=\"e-con-inner\">\n\t\t\t\t<div class=\"elementor-element elementor-element-59c2804 elementor-widget elementor-widget-heading\" data-id=\"59c2804\" data-element_type=\"widget\" data-e-type=\"widget\" data-widget_type=\"heading.default\">\n\t\t\t\t\t<h1 class=\"elementor-heading-title elementor-size-default\">Desc\u00e0rrec de responsabilitat<\/h1>\t\t\t\t<\/div>\n\t\t\t\t<div class=\"elementor-element elementor-element-4fd15cda elementor-widget elementor-widget-shortcode\" data-id=\"4fd15cda\" data-element_type=\"widget\" data-e-type=\"widget\" data-widget_type=\"shortcode.default\">\n\t\t\t\t\t\t\t<div class=\"elementor-shortcode\">\n<!-- Legal document generated by Complianz | GDPR\/CCPA Cookie Consent https:\/\/wordpress.org\/plugins\/complianz-gdpr -->\n<div id=\"cmplz-document\" class=\"cmplz-document disclaimer cmplz-document-all\"><p>VALOM, S.L. es compromet a mantenir aquest lloc web actualitzat i prec\u00eds. Tanmateix, si trobeu alguna cosa incorrecta o obsoleta, us agrairem que ens ho feu saber. Si us plau, indiqueu on del lloc web heu llegit la informaci\u00f3. Aleshores ho mirarem tan aviat com sigui possible. Envieu la vostra resposta per correu electr\u00f2nic a: .    <\/p><p>No ens fem responsables de les p\u00e8rdues com a conseq\u00fc\u00e8ncia d'incorreccions o incompletituds, ni de les p\u00e8rdues derivades de problemes causats o inherents a la difusi\u00f3 d'informaci\u00f3 a trav\u00e9s d'Internet, com ara interrupcions o interrupcions. Quan utilitzem formularis web, ens esforcem per limitar el nombre de camps obligatoris al m\u00ednim. Per a qualsevol p\u00e8rdua patida com a conseq\u00fc\u00e8ncia de l'\u00fas de dades, consells o idees proporcionades per o en nom de VALOM, S.L. a trav\u00e9s d'aquest lloc web, VALOM, S.L. no assumeix cap responsabilitat.  <\/p><p>Tots els drets de propietat intel\u00b7lectual del contingut d'aquest lloc web corresponen a VALOM, S.L..<\/p><p>No es permet la c\u00f2pia, la difusi\u00f3 i qualsevol altre \u00fas d'aquests materials sense el perm\u00eds per escrit de VALOM, S.L., excepte i nom\u00e9s en la mesura en qu\u00e8 s'estipula el contrari en les normes de llei imperativa (com ara el dret a citar), tret que un contingut espec\u00edfic indiqui el contrari.<\/p><p>Si teniu cap pregunta o problema amb l'accessibilitat del lloc web, no dubteu a posar-vos en contacte amb nosaltres.<\/p><\/div><\/div>\n\t\t\t\t\t\t<\/div>\n\t\t\t\t\t<\/div>\n\t\t\t\t<\/div>\n\t\t\t\t<\/div>\n\t\t","protected":false},"excerpt":{"rendered":"<p>Desc\u00e0rrec de responsabilitat<\/p>\n","protected":false},"author":1,"featured_media":0,"parent":0,"menu_order":0,"comment_status":"closed","ping_status":"closed","template":"","meta":{"cozystay_single_page_hide_site_header":"","cozystay_single_page_site_header_source":"","cozystay_single_page_custom_site_header":"0","cozystay_single_page_custom_sticky_site_header":"0","cozystay_single_page_hide_page_title":"","cozystay_single_page_header_section_size":"","cozystay_single_page_header_background_color":"","cozystay_single_page_header_background_position_x":"center","cozystay_single_page_header_background_position_y":"center","cozystay_single_page_header_background_size":"cover","cozystay_single_page_header_background_repeat":"off","cozystay_single_page_header_background_scroll":"on","cozystay_single_page_header_text_color":"","cozystay_single_page_header_show_breadcrumb":"","cozystay_single_page_site_footer_hide_main":"","cozystay_single_custom_site_footer_main_source":"","cozystay_single_custom_site_footer_main":"0","cozystay_single_page_site_footer_hide_above":"","cozystay_single_custom_site_footer_above_source":"","cozystay_single_custom_site_footer_above":"0","cozystay_single_page_site_footer_hide_instagram":"","cozystay_single_page_site_footer_hide_bottom":"","cozystay_single_custom_mobile_menu_source":"","cozystay_single_custom_mobile_menu":"0","cozystay_single_custom_mobile_menu_animation":"","cozystay_single_custom_mobile_menu_width":"","cozystay_single_custom_mobile_menu_custom_width":375,"footnotes":""},"class_list":["post-18774","page","type-page","status-publish","hentry"],"yoast_head":"<!-- This site is optimized with the Yoast SEO plugin v27.1.1 - https:\/\/yoast.com\/product\/yoast-seo-wordpress\/ -->\n<title>Desc\u00e0rrec de responsabilitat | Hotel Bernat II<\/title>\n<meta name=\"robots\" content=\"index, follow, max-snippet:-1, max-image-preview:large, max-video-preview:-1\" \/>\n<link rel=\"canonical\" href=\"https:\/\/www.hotelbernatcalella.com\/ca\/descarrec-de-responsabilitat\/\" \/>\n<meta property=\"og:locale\" content=\"ca_ES\" \/>\n<meta property=\"og:type\" content=\"article\" \/>\n<meta property=\"og:title\" content=\"Desc\u00e0rrec de responsabilitat | Hotel Bernat II\" \/>\n<meta property=\"og:description\" content=\"Desc\u00e0rrec de responsabilitat\" \/>\n<meta property=\"og:url\" content=\"https:\/\/www.hotelbernatcalella.com\/ca\/descarrec-de-responsabilitat\/\" \/>\n<meta property=\"og:site_name\" content=\"Hotel Bernat II\" \/>\n<meta property=\"article:modified_time\" content=\"2025-11-19T15:47:33+00:00\" \/>\n<meta name=\"twitter:card\" content=\"summary_large_image\" \/>\n<script type=\"application\/ld+json\" class=\"yoast-schema-graph\">{\"@context\":\"https:\/\/schema.org\",\"@graph\":[{\"@type\":\"WebPage\",\"@id\":\"https:\/\/www.hotelbernatcalella.com\/ca\/descarrec-de-responsabilitat\/\",\"url\":\"https:\/\/www.hotelbernatcalella.com\/ca\/descarrec-de-responsabilitat\/\",\"name\":\"Desc\u00e0rrec de responsabilitat | Hotel Bernat II\",\"isPartOf\":{\"@id\":\"https:\/\/hotelbernatcalella.com\/#website\"},\"datePublished\":\"2025-08-14T14:07:38+00:00\",\"dateModified\":\"2025-11-19T15:47:33+00:00\",\"breadcrumb\":{\"@id\":\"https:\/\/www.hotelbernatcalella.com\/ca\/descarrec-de-responsabilitat\/#breadcrumb\"},\"inLanguage\":\"ca\",\"potentialAction\":[{\"@type\":\"ReadAction\",\"target\":[\"https:\/\/www.hotelbernatcalella.com\/ca\/descarrec-de-responsabilitat\/\"]}]},{\"@type\":\"BreadcrumbList\",\"@id\":\"https:\/\/www.hotelbernatcalella.com\/ca\/descarrec-de-responsabilitat\/#breadcrumb\",\"itemListElement\":[{\"@type\":\"ListItem\",\"position\":1,\"name\":\"Portada\",\"item\":\"https:\/\/www.hotelbernatcalella.com\/ca\/\"},{\"@type\":\"ListItem\",\"position\":2,\"name\":\"Desc\u00e0rrec de responsabilitat\"}]},{\"@type\":\"WebSite\",\"@id\":\"https:\/\/hotelbernatcalella.com\/#website\",\"url\":\"https:\/\/hotelbernatcalella.com\/\",\"name\":\"Hotel Bernat II & Spa Calella\",\"description\":\"Hotel en Calella\",\"alternateName\":\"Hotel Bernat II & Spa\",\"potentialAction\":[{\"@type\":\"SearchAction\",\"target\":{\"@type\":\"EntryPoint\",\"urlTemplate\":\"https:\/\/hotelbernatcalella.com\/?s={search_term_string}\"},\"query-input\":{\"@type\":\"PropertyValueSpecification\",\"valueRequired\":true,\"valueName\":\"search_term_string\"}}],\"inLanguage\":\"ca\"}]}<\/script>\n<!-- \/ Yoast SEO plugin. -->","yoast_head_json":{"title":"Desc\u00e0rrec de responsabilitat | Hotel Bernat II","robots":{"index":"index","follow":"follow","max-snippet":"max-snippet:-1","max-image-preview":"max-image-preview:large","max-video-preview":"max-video-preview:-1"},"canonical":"https:\/\/www.hotelbernatcalella.com\/ca\/descarrec-de-responsabilitat\/","og_locale":"ca_ES","og_type":"article","og_title":"Desc\u00e0rrec de responsabilitat | Hotel Bernat II","og_description":"Desc\u00e0rrec de responsabilitat","og_url":"https:\/\/www.hotelbernatcalella.com\/ca\/descarrec-de-responsabilitat\/","og_site_name":"Hotel Bernat II","article_modified_time":"2025-11-19T15:47:33+00:00","twitter_card":"summary_large_image","schema":{"@context":"https:\/\/schema.org","@graph":[{"@type":"WebPage","@id":"https:\/\/www.hotelbernatcalella.com\/ca\/descarrec-de-responsabilitat\/","url":"https:\/\/www.hotelbernatcalella.com\/ca\/descarrec-de-responsabilitat\/","name":"Desc\u00e0rrec de responsabilitat | Hotel Bernat II","isPartOf":{"@id":"https:\/\/hotelbernatcalella.com\/#website"},"datePublished":"2025-08-14T14:07:38+00:00","dateModified":"2025-11-19T15:47:33+00:00","breadcrumb":{"@id":"https:\/\/www.hotelbernatcalella.com\/ca\/descarrec-de-responsabilitat\/#breadcrumb"},"inLanguage":"ca","potentialAction":[{"@type":"ReadAction","target":["https:\/\/www.hotelbernatcalella.com\/ca\/descarrec-de-responsabilitat\/"]}]},{"@type":"BreadcrumbList","@id":"https:\/\/www.hotelbernatcalella.com\/ca\/descarrec-de-responsabilitat\/#breadcrumb","itemListElement":[{"@type":"ListItem","position":1,"name":"Portada","item":"https:\/\/www.hotelbernatcalella.com\/ca\/"},{"@type":"ListItem","position":2,"name":"Desc\u00e0rrec de responsabilitat"}]},{"@type":"WebSite","@id":"https:\/\/hotelbernatcalella.com\/#website","url":"https:\/\/hotelbernatcalella.com\/","name":"Hotel Bernat II & Spa Calella","description":"Hotel en Calella","alternateName":"Hotel Bernat II & Spa","potentialAction":[{"@type":"SearchAction","target":{"@type":"EntryPoint","urlTemplate":"https:\/\/hotelbernatcalella.com\/?s={search_term_string}"},"query-input":{"@type":"PropertyValueSpecification","valueRequired":true,"valueName":"search_term_string"}}],"inLanguage":"ca"}]}},"_links":{"self":[{"href":"https:\/\/www.hotelbernatcalella.com\/ca\/wp-json\/wp\/v2\/pages\/18774","targetHints":{"allow":["GET"]}}],"collection":[{"href":"https:\/\/www.hotelbernatcalella.com\/ca\/wp-json\/wp\/v2\/pages"}],"about":[{"href":"https:\/\/www.hotelbernatcalella.com\/ca\/wp-json\/wp\/v2\/types\/page"}],"author":[{"embeddable":true,"href":"https:\/\/www.hotelbernatcalella.com\/ca\/wp-json\/wp\/v2\/users\/1"}],"replies":[{"embeddable":true,"href":"https:\/\/www.hotelbernatcalella.com\/ca\/wp-json\/wp\/v2\/comments?post=18774"}],"version-history":[{"count":0,"href":"https:\/\/www.hotelbernatcalella.com\/ca\/wp-json\/wp\/v2\/pages\/18774\/revisions"}],"wp:attachment":[{"href":"https:\/\/www.hotelbernatcalella.com\/ca\/wp-json\/wp\/v2\/media?parent=18774"}],"curies":[{"name":"wp","href":"https:\/\/api.w.org\/{rel}","templated":true}]}}